{"id":9,"date":"2012-09-10T21:26:50","date_gmt":"2012-09-11T00:26:50","guid":{"rendered":"http:\/\/www.guiaglbts.com.br\/blog\/?page_id=9"},"modified":"2013-04-08T14:55:17","modified_gmt":"2013-04-08T17:55:17","slug":"nany-people","status":"publish","type":"page","link":"https:\/\/www.guiaglbts.com.br\/blog\/nany-people\/","title":{"rendered":"Nany People"},"content":{"rendered":"<p>Atriz, humorista, apresentadora de shows, eventos perform\u00e1ticos, telegramas animados, feiras, conven\u00e7\u00f5es e com\u00e9dia stand up.<\/p>\n<p>Fez curso de Extens\u00e3o Universit\u00e1ria de interpreta\u00e7\u00e3o pela Unicamp, al\u00e9m de ter estudado teatro na Escola Macuna\u00edma.<\/p>\n<p>Trabalhou por 10 anos no Teatro Paiol (SP) com a Fam\u00edlia Goulart\/Bruno em diversas fun\u00e7\u00f5es.<\/p>\n<p>Projetou-se no cen\u00e1rio nacional, em 1997, como rep\u00f3rter do programa &#8220;Novo Comando da Madrugada&#8221; de Goulart de Andrade (Extinta Rede Manchete) e foi jurada residente do programa &#8220;Guerra \u00e9 Guerra&#8221;, da Rede Mulher.<\/p>\n<p>Em 1998, interpretou com absoluto sucesso um dos mais importantes pap\u00e9is femininos da obra do dramaturgo alem\u00e3o Bertold Brecht, a Vi\u00fava Begbck, na pe\u00e7a &#8220;Um Homem \u00e9 um Homem&#8221;, dirigida por Alexandre Stockler (Teatro Faap\/SP).<\/p>\n<p>Filmes:<\/p>\n<p>&#8211; &#8220;CAMA DE GATO&#8221; &#8211; dire\u00e7\u00e3o de Alexandre Stockler com Caio Blat; Ano: 1998<\/p>\n<p>&#8211; &#8220;ACREDITE, UM ESPIRITO BAIXOU EM MIM&#8221; de Ronaldo Ciambrone, dire\u00e7\u00e3o de Sandra P\u00eara ao lado de Marilia P\u00eara, Arlete Salles, entre outros. Ano: 2001<\/p>\n<p>Atuou como &#8220;Rep\u00f3rter Especial&#8221; em entrevistas e mat\u00e9rias inusitadas nos programas:<\/p>\n<p>&#8211; COMANDO DA MADRUGADA (Rede Manchete) &#8211; Mar\u00e7o\/97 a Jan\/98;<\/p>\n<p>&#8211; FLASH (Rede Bandeirantes) &#8211; Out\/99 a Jun\/00;<\/p>\n<p>&#8211; COMANDO DA MADRUGADA (Rede Gazeta) &#8211; Jul\/00 a Mar\/01;<\/p>\n<p>&#8211; HEBE (SBT) &#8211; Abr\/01 a Agosto\/06;<\/p>\n<p>Participou do programa humor\u00edstico A Pra\u00e7a \u00e9 Nossa SBT &#8211; de Nov\/06 a Fev\/10<\/p>\n<p>Trabalhou em tr\u00eas programas de r\u00e1dio:<\/p>\n<p>&#8211; R\u00e1dio Jovem Pan &#8211; Programa ZIPER com Dr. Jairo Bouer;<\/p>\n<p>&#8211; R\u00e1dio Jovem Pan &#8211; Programa P\u00c2NICO &#8211; Mar\/00 a Jul\/01;<\/p>\n<p>&#8211; R\u00e1dio 89,1 (R\u00e1dio Rock) &#8211; Programa SEXO ORAL com Dr. Jairo\u00a0Bouer &#8211; Fev\/02 a Jun\/05;<\/p>\n<p>&#8211; Assinou uma coluna de sucesso na revista G Magazine de Out\/97 a<\/p>\n<p>Jan\/2008.<\/p>\n<p>Por v\u00e1rias vezes se apresentou no projeto SEGUNDAS INTEN\u00c7\u00d5ES de Thereza Piffer e Marcelo V\u00e1rzea ora como humorista, ora cantando.<\/p>\n<p>\u00c9 convidada especial como MESTRE DE CERIM\u00d4NIAS do RISORAMA no Festival de Teatro de Curitiba &#8211; 2004, 2005, 2006 , 2007, 2008, 2009, 2010 e 2011.<\/p>\n<p>Convidada especial do IMPRORISO no Festival de Humor de Belo Horizonte que atualmente o projeto encontra-se as Ter\u00e7as-feiras no Teatro Proc\u00f3pio Ferreira (SP).<\/p>\n<p>Produziu e protagonizou desde junho\/2007 a com\u00e9dia &#8220;NANY PEOPLE&#8217; SALVOU MEU CASAMENTO&#8221; de Bruno Motta e Daniel Alves, excursionando por mais de 40.000 km por todo o pa\u00eds, al\u00e9m de ter cumprido temporada com sucesso por 6 meses no teatro Brigadeiro (SP) em 2008.<\/p>\n<p>Excursionou o Pa\u00eds com seu solo Stand Up &#8220;Ent\u00e3o&#8230; Deu no que Deu&#8221; de sua pr\u00f3pria autoria, depois de ter cumprido temporada de 2 meses SIMULTANEAMENTE (Janeiro, Fevereiro e Mar\u00e7o\/2011) nos Teatros Proc\u00f3pio Ferreira (S\u00e3o Paulo) e Teatro dos Grandes Atores (Rio de Janeiro).<\/p>\n<p>E como boa filha \u00e0 casa torna, em Dezembro\/11, Nany People assina contrato com o SBT fazendo parte do corpo de j\u00fari do\u00a0Programa &#8220;CANTE SE PUDER&#8221;.<\/p>\n","protected":false},"excerpt":{"rendered":"<p>Atriz, humorista, apresentadora de shows, eventos perform\u00e1ticos, telegramas animados, feiras, conven\u00e7\u00f5es e com\u00e9dia stand up. Fez curso de Extens\u00e3o Universit\u00e1ria de interpreta\u00e7\u00e3o pela Unicamp, al\u00e9m de ter estudado teatro na Escola Macuna\u00edma. Trabalhou por 10 anos no Teatro Paiol (SP) com a Fam\u00edlia Goulart\/Bruno em diversas fun\u00e7\u00f5es. Projetou-se no cen\u00e1rio nacional, em 1997, como rep\u00f3rter [&hellip;]<\/p>\n","protected":false},"author":1,"featured_media":0,"parent":0,"menu_order":2,"comment_status":"closed","ping_status":"closed","template":"","meta":{"footnotes":""},"class_list":["post-9","page","type-page","status-publish","hentry"],"yoast_head":"<!-- This site is optimized with the Yoast SEO plugin v27.2 - https:\/\/yoast.com\/product\/yoast-seo-wordpress\/ -->\n<title>Nany People - Guia GLBTS<\/title>\n<meta name=\"robots\" content=\"index, follow, max-snippet:-1, max-image-preview:large, max-video-preview:-1\" \/>\n<link rel=\"canonical\" href=\"https:\/\/www.guiaglbts.com.br\/blog\/nany-people\/\" \/>\n<meta property=\"og:locale\" content=\"pt_BR\" \/>\n<meta property=\"og:type\" content=\"article\" \/>\n<meta property=\"og:title\" content=\"Nany People - Guia GLBTS\" \/>\n<meta property=\"og:description\" content=\"Atriz, humorista, apresentadora de shows, eventos perform\u00e1ticos, telegramas animados, feiras, conven\u00e7\u00f5es e com\u00e9dia stand up. Fez curso de Extens\u00e3o Universit\u00e1ria de interpreta\u00e7\u00e3o pela Unicamp, al\u00e9m de ter estudado teatro na Escola Macuna\u00edma. Trabalhou por 10 anos no Teatro Paiol (SP) com a Fam\u00edlia Goulart\/Bruno em diversas fun\u00e7\u00f5es. Projetou-se no cen\u00e1rio nacional, em 1997, como rep\u00f3rter [&hellip;]\" \/>\n<meta property=\"og:url\" content=\"https:\/\/www.guiaglbts.com.br\/blog\/nany-people\/\" \/>\n<meta property=\"og:site_name\" content=\"Guia GLBTS\" \/>\n<meta property=\"article:publisher\" content=\"https:\/\/www.facebook.com\/guialgbtsclassificados\" \/>\n<meta property=\"article:modified_time\" content=\"2013-04-08T17:55:17+00:00\" \/>\n<meta name=\"twitter:card\" content=\"summary_large_image\" \/>\n<meta name=\"twitter:site\" content=\"@GuiaLGBTS\" \/>\n<meta name=\"twitter:label1\" content=\"Est. tempo de leitura\" \/>\n\t<meta name=\"twitter:data1\" content=\"2 minutos\" \/>\n<script type=\"application\/ld+json\" class=\"yoast-schema-graph\">{\"@context\":\"https:\/\/schema.org\",\"@graph\":[{\"@type\":\"WebPage\",\"@id\":\"https:\/\/www.guiaglbts.com.br\/blog\/nany-people\/\",\"url\":\"https:\/\/www.guiaglbts.com.br\/blog\/nany-people\/\",\"name\":\"Nany People - Guia GLBTS\",\"isPartOf\":{\"@id\":\"https:\/\/www.guiaglbts.com.br\/blog\/#website\"},\"datePublished\":\"2012-09-11T00:26:50+00:00\",\"dateModified\":\"2013-04-08T17:55:17+00:00\",\"breadcrumb\":{\"@id\":\"https:\/\/www.guiaglbts.com.br\/blog\/nany-people\/#breadcrumb\"},\"inLanguage\":\"pt-BR\",\"potentialAction\":[{\"@type\":\"ReadAction\",\"target\":[\"https:\/\/www.guiaglbts.com.br\/blog\/nany-people\/\"]}]},{\"@type\":\"BreadcrumbList\",\"@id\":\"https:\/\/www.guiaglbts.com.br\/blog\/nany-people\/#breadcrumb\",\"itemListElement\":[{\"@type\":\"ListItem\",\"position\":1,\"name\":\"In\u00edcio\",\"item\":\"https:\/\/www.guiaglbts.com.br\/blog\/\"},{\"@type\":\"ListItem\",\"position\":2,\"name\":\"Nany People\"}]},{\"@type\":\"WebSite\",\"@id\":\"https:\/\/www.guiaglbts.com.br\/blog\/#website\",\"url\":\"https:\/\/www.guiaglbts.com.br\/blog\/\",\"name\":\"Guia GLBTS\",\"description\":\"Guia da Nany People\",\"publisher\":{\"@id\":\"https:\/\/www.guiaglbts.com.br\/blog\/#organization\"},\"potentialAction\":[{\"@type\":\"SearchAction\",\"target\":{\"@type\":\"EntryPoint\",\"urlTemplate\":\"https:\/\/www.guiaglbts.com.br\/blog\/?s={search_term_string}\"},\"query-input\":{\"@type\":\"PropertyValueSpecification\",\"valueRequired\":true,\"valueName\":\"search_term_string\"}}],\"inLanguage\":\"pt-BR\"},{\"@type\":\"Organization\",\"@id\":\"https:\/\/www.guiaglbts.com.br\/blog\/#organization\",\"name\":\"Guia GLBTS\",\"url\":\"https:\/\/www.guiaglbts.com.br\/blog\/\",\"logo\":{\"@type\":\"ImageObject\",\"inLanguage\":\"pt-BR\",\"@id\":\"https:\/\/www.guiaglbts.com.br\/blog\/#\/schema\/logo\/image\/\",\"url\":\"https:\/\/www.guiaglbts.com.br\/blog\/wp-content\/uploads\/2025\/08\/logo_guia.png\",\"contentUrl\":\"https:\/\/www.guiaglbts.com.br\/blog\/wp-content\/uploads\/2025\/08\/logo_guia.png\",\"width\":310,\"height\":78,\"caption\":\"Guia GLBTS\"},\"image\":{\"@id\":\"https:\/\/www.guiaglbts.com.br\/blog\/#\/schema\/logo\/image\/\"},\"sameAs\":[\"https:\/\/www.facebook.com\/guialgbtsclassificados\",\"https:\/\/x.com\/GuiaLGBTS\",\"https:\/\/www.instagram.com\/guiadananypeople\/\",\"https:\/\/www.youtube.com\/user\/GuiaLGBTS\"]}]}<\/script>\n<!-- \/ Yoast SEO plugin. -->","yoast_head_json":{"title":"Nany People - Guia GLBTS","robots":{"index":"index","follow":"follow","max-snippet":"max-snippet:-1","max-image-preview":"max-image-preview:large","max-video-preview":"max-video-preview:-1"},"canonical":"https:\/\/www.guiaglbts.com.br\/blog\/nany-people\/","og_locale":"pt_BR","og_type":"article","og_title":"Nany People - Guia GLBTS","og_description":"Atriz, humorista, apresentadora de shows, eventos perform\u00e1ticos, telegramas animados, feiras, conven\u00e7\u00f5es e com\u00e9dia stand up. Fez curso de Extens\u00e3o Universit\u00e1ria de interpreta\u00e7\u00e3o pela Unicamp, al\u00e9m de ter estudado teatro na Escola Macuna\u00edma. Trabalhou por 10 anos no Teatro Paiol (SP) com a Fam\u00edlia Goulart\/Bruno em diversas fun\u00e7\u00f5es. Projetou-se no cen\u00e1rio nacional, em 1997, como rep\u00f3rter [&hellip;]","og_url":"https:\/\/www.guiaglbts.com.br\/blog\/nany-people\/","og_site_name":"Guia GLBTS","article_publisher":"https:\/\/www.facebook.com\/guialgbtsclassificados","article_modified_time":"2013-04-08T17:55:17+00:00","twitter_card":"summary_large_image","twitter_site":"@GuiaLGBTS","twitter_misc":{"Est. tempo de leitura":"2 minutos"},"schema":{"@context":"https:\/\/schema.org","@graph":[{"@type":"WebPage","@id":"https:\/\/www.guiaglbts.com.br\/blog\/nany-people\/","url":"https:\/\/www.guiaglbts.com.br\/blog\/nany-people\/","name":"Nany People - Guia GLBTS","isPartOf":{"@id":"https:\/\/www.guiaglbts.com.br\/blog\/#website"},"datePublished":"2012-09-11T00:26:50+00:00","dateModified":"2013-04-08T17:55:17+00:00","breadcrumb":{"@id":"https:\/\/www.guiaglbts.com.br\/blog\/nany-people\/#breadcrumb"},"inLanguage":"pt-BR","potentialAction":[{"@type":"ReadAction","target":["https:\/\/www.guiaglbts.com.br\/blog\/nany-people\/"]}]},{"@type":"BreadcrumbList","@id":"https:\/\/www.guiaglbts.com.br\/blog\/nany-people\/#breadcrumb","itemListElement":[{"@type":"ListItem","position":1,"name":"In\u00edcio","item":"https:\/\/www.guiaglbts.com.br\/blog\/"},{"@type":"ListItem","position":2,"name":"Nany People"}]},{"@type":"WebSite","@id":"https:\/\/www.guiaglbts.com.br\/blog\/#website","url":"https:\/\/www.guiaglbts.com.br\/blog\/","name":"Guia GLBTS","description":"Guia da Nany People","publisher":{"@id":"https:\/\/www.guiaglbts.com.br\/blog\/#organization"},"potentialAction":[{"@type":"SearchAction","target":{"@type":"EntryPoint","urlTemplate":"https:\/\/www.guiaglbts.com.br\/blog\/?s={search_term_string}"},"query-input":{"@type":"PropertyValueSpecification","valueRequired":true,"valueName":"search_term_string"}}],"inLanguage":"pt-BR"},{"@type":"Organization","@id":"https:\/\/www.guiaglbts.com.br\/blog\/#organization","name":"Guia GLBTS","url":"https:\/\/www.guiaglbts.com.br\/blog\/","logo":{"@type":"ImageObject","inLanguage":"pt-BR","@id":"https:\/\/www.guiaglbts.com.br\/blog\/#\/schema\/logo\/image\/","url":"https:\/\/www.guiaglbts.com.br\/blog\/wp-content\/uploads\/2025\/08\/logo_guia.png","contentUrl":"https:\/\/www.guiaglbts.com.br\/blog\/wp-content\/uploads\/2025\/08\/logo_guia.png","width":310,"height":78,"caption":"Guia GLBTS"},"image":{"@id":"https:\/\/www.guiaglbts.com.br\/blog\/#\/schema\/logo\/image\/"},"sameAs":["https:\/\/www.facebook.com\/guialgbtsclassificados","https:\/\/x.com\/GuiaLGBTS","https:\/\/www.instagram.com\/guiadananypeople\/","https:\/\/www.youtube.com\/user\/GuiaLGBTS"]}]}},"_links":{"self":[{"href":"https:\/\/www.guiaglbts.com.br\/blog\/wp-json\/wp\/v2\/pages\/9","targetHints":{"allow":["GET"]}}],"collection":[{"href":"https:\/\/www.guiaglbts.com.br\/blog\/wp-json\/wp\/v2\/pages"}],"about":[{"href":"https:\/\/www.guiaglbts.com.br\/blog\/wp-json\/wp\/v2\/types\/page"}],"author":[{"embeddable":true,"href":"https:\/\/www.guiaglbts.com.br\/blog\/wp-json\/wp\/v2\/users\/1"}],"replies":[{"embeddable":true,"href":"https:\/\/www.guiaglbts.com.br\/blog\/wp-json\/wp\/v2\/comments?post=9"}],"version-history":[{"count":3,"href":"https:\/\/www.guiaglbts.com.br\/blog\/wp-json\/wp\/v2\/pages\/9\/revisions"}],"predecessor-version":[{"id":386,"href":"https:\/\/www.guiaglbts.com.br\/blog\/wp-json\/wp\/v2\/pages\/9\/revisions\/386"}],"wp:attachment":[{"href":"https:\/\/www.guiaglbts.com.br\/blog\/wp-json\/wp\/v2\/media?parent=9"}],"curies":[{"name":"wp","href":"https:\/\/api.w.org\/{rel}","templated":true}]}}