{"id":6,"date":"2012-09-10T21:23:10","date_gmt":"2012-09-11T00:23:10","guid":{"rendered":"http:\/\/www.guiaglbts.com.br\/blog\/?page_id=6"},"modified":"2013-05-02T13:21:49","modified_gmt":"2013-05-02T16:21:49","slug":"quem-somos","status":"publish","type":"page","link":"https:\/\/www.guiaglbts.com.br\/blog\/quem-somos\/","title":{"rendered":"Quem Somos"},"content":{"rendered":"<div align=\"justify\">\n<div align=\"left\">\n<div align=\"justify\">\n<p>A <strong>C&amp; M Editora Cria\u00e7\u00e3o e Arte Ltda Me<\/strong> \u00e9 uma editora criada exclusivamente para tornar realidade o primeiro <strong>GUIA LGBTS\/GLBTS<\/strong> do Brasil (impresso e on-line). Ela surgiu da necessidade constatada pelas s\u00f3cias Carla Cristina de Camargo e Mirene Iraci da Silva, da exist\u00eancia de um guia que pudesse atender o p\u00fablico LGBT oferecendo produtos e servi\u00e7os de profissionais liberais.<\/p>\n<p>Aliando o conhecimento deste mercado, do qual as s\u00f3sias fazem parte, a seus 20 anos de experi\u00eancia em projetar, comercializar e editar guias impressos e on-line, adquirida em empresas de renome como \u201cPAG\u00cdNAS AMARELAS\u201d (pioneira no Brasil, l\u00edder do mercado durante muitos anos); \u201cOESP M\u00cdDIA\u201d (empresa conceituada do grupo Estad\u00e3o.); \u201cTPI\u201d (empresa do grupo telef\u00f4nica) e \u201cEGIBRAS \u201d(empresa l\u00edder no segmento de condom\u00ednios em SP e na Grande S\u00e3o Paulo).<\/p>\n<p>\u201cEstas empresas nos proporcionaram a bagagem profissional necess\u00e1ria para avaliar o que \u00e9 \u00e9tico e a trabalhar sempre tendo nosso alicerce em valores como a verdade, a fidelidade, a lealdade e a considera\u00e7\u00e3o e respeito ao nosso cliente\u201d \u2013 afirma Mirene.<\/p>\n<p>Hoje, passados 6 anos, o Guia j\u00e1 foi consagrado na m\u00eddia e no mercado e tem uma s\u00f3lida parceria com a atriz e comediante Nany People, madrinha e divulgadora do Guia. Al\u00e9m disso, h\u00e1 uma gama de produtos formando o sistema multim\u00eddia: GUIA LGBTS CLASSIFICADOS (BIL\u00cdNGUE), GUIA DE BOLSO, JORNAL LGBTS NEWS, GUIA ONLINE (novo portal) al\u00e9m de estar presente tamb\u00e9m nas redes sociais.<\/p>\n<p>\u00c9 com este esp\u00edrito que a <strong>C &amp; M Editora<\/strong> conseguiu realizar o sonho de lan\u00e7ar um produto com qualidade, funcionalidade e praticidade, encurtando a dist\u00e2ncia entre o mercado (produtos e servi\u00e7os) e o p\u00fablico LGBTS.<\/p>\n<\/div>\n<\/div>\n<\/div>\n","protected":false},"excerpt":{"rendered":"<p>A C&amp; M Editora Cria\u00e7\u00e3o e Arte Ltda Me \u00e9 uma editora criada exclusivamente para tornar realidade o primeiro GUIA LGBTS\/GLBTS do Brasil (impresso e on-line). Ela surgiu da necessidade constatada pelas s\u00f3cias Carla Cristina de Camargo e Mirene Iraci da Silva, da exist\u00eancia de um guia que pudesse atender o p\u00fablico LGBT oferecendo produtos [&hellip;]<\/p>\n","protected":false},"author":1,"featured_media":0,"parent":0,"menu_order":1,"comment_status":"closed","ping_status":"closed","template":"","meta":{"footnotes":""},"class_list":["post-6","page","type-page","status-publish","hentry"],"yoast_head":"<!-- This site is optimized with the Yoast SEO plugin v27.2 - https:\/\/yoast.com\/product\/yoast-seo-wordpress\/ -->\n<title>Quem Somos - Guia GLBTS<\/title>\n<meta name=\"robots\" content=\"index, follow, max-snippet:-1, max-image-preview:large, max-video-preview:-1\" \/>\n<link rel=\"canonical\" href=\"https:\/\/www.guiaglbts.com.br\/blog\/quem-somos\/\" \/>\n<meta property=\"og:locale\" content=\"pt_BR\" \/>\n<meta property=\"og:type\" content=\"article\" \/>\n<meta property=\"og:title\" content=\"Quem Somos - Guia GLBTS\" \/>\n<meta property=\"og:description\" content=\"A C&amp; M Editora Cria\u00e7\u00e3o e Arte Ltda Me \u00e9 uma editora criada exclusivamente para tornar realidade o primeiro GUIA LGBTS\/GLBTS do Brasil (impresso e on-line). Ela surgiu da necessidade constatada pelas s\u00f3cias Carla Cristina de Camargo e Mirene Iraci da Silva, da exist\u00eancia de um guia que pudesse atender o p\u00fablico LGBT oferecendo produtos [&hellip;]\" \/>\n<meta property=\"og:url\" content=\"https:\/\/www.guiaglbts.com.br\/blog\/quem-somos\/\" \/>\n<meta property=\"og:site_name\" content=\"Guia GLBTS\" \/>\n<meta property=\"article:publisher\" content=\"https:\/\/www.facebook.com\/guialgbtsclassificados\" \/>\n<meta property=\"article:modified_time\" content=\"2013-05-02T16:21:49+00:00\" \/>\n<meta name=\"twitter:card\" content=\"summary_large_image\" \/>\n<meta name=\"twitter:site\" content=\"@GuiaLGBTS\" \/>\n<meta name=\"twitter:label1\" content=\"Est. tempo de leitura\" \/>\n\t<meta name=\"twitter:data1\" content=\"1 minuto\" \/>\n<script type=\"application\/ld+json\" class=\"yoast-schema-graph\">{\"@context\":\"https:\/\/schema.org\",\"@graph\":[{\"@type\":\"WebPage\",\"@id\":\"https:\/\/www.guiaglbts.com.br\/blog\/quem-somos\/\",\"url\":\"https:\/\/www.guiaglbts.com.br\/blog\/quem-somos\/\",\"name\":\"Quem Somos - Guia GLBTS\",\"isPartOf\":{\"@id\":\"https:\/\/www.guiaglbts.com.br\/blog\/#website\"},\"datePublished\":\"2012-09-11T00:23:10+00:00\",\"dateModified\":\"2013-05-02T16:21:49+00:00\",\"breadcrumb\":{\"@id\":\"https:\/\/www.guiaglbts.com.br\/blog\/quem-somos\/#breadcrumb\"},\"inLanguage\":\"pt-BR\",\"potentialAction\":[{\"@type\":\"ReadAction\",\"target\":[\"https:\/\/www.guiaglbts.com.br\/blog\/quem-somos\/\"]}]},{\"@type\":\"BreadcrumbList\",\"@id\":\"https:\/\/www.guiaglbts.com.br\/blog\/quem-somos\/#breadcrumb\",\"itemListElement\":[{\"@type\":\"ListItem\",\"position\":1,\"name\":\"In\u00edcio\",\"item\":\"https:\/\/www.guiaglbts.com.br\/blog\/\"},{\"@type\":\"ListItem\",\"position\":2,\"name\":\"Quem Somos\"}]},{\"@type\":\"WebSite\",\"@id\":\"https:\/\/www.guiaglbts.com.br\/blog\/#website\",\"url\":\"https:\/\/www.guiaglbts.com.br\/blog\/\",\"name\":\"Guia GLBTS\",\"description\":\"Guia da Nany People\",\"publisher\":{\"@id\":\"https:\/\/www.guiaglbts.com.br\/blog\/#organization\"},\"potentialAction\":[{\"@type\":\"SearchAction\",\"target\":{\"@type\":\"EntryPoint\",\"urlTemplate\":\"https:\/\/www.guiaglbts.com.br\/blog\/?s={search_term_string}\"},\"query-input\":{\"@type\":\"PropertyValueSpecification\",\"valueRequired\":true,\"valueName\":\"search_term_string\"}}],\"inLanguage\":\"pt-BR\"},{\"@type\":\"Organization\",\"@id\":\"https:\/\/www.guiaglbts.com.br\/blog\/#organization\",\"name\":\"Guia GLBTS\",\"url\":\"https:\/\/www.guiaglbts.com.br\/blog\/\",\"logo\":{\"@type\":\"ImageObject\",\"inLanguage\":\"pt-BR\",\"@id\":\"https:\/\/www.guiaglbts.com.br\/blog\/#\/schema\/logo\/image\/\",\"url\":\"https:\/\/www.guiaglbts.com.br\/blog\/wp-content\/uploads\/2025\/08\/logo_guia.png\",\"contentUrl\":\"https:\/\/www.guiaglbts.com.br\/blog\/wp-content\/uploads\/2025\/08\/logo_guia.png\",\"width\":310,\"height\":78,\"caption\":\"Guia GLBTS\"},\"image\":{\"@id\":\"https:\/\/www.guiaglbts.com.br\/blog\/#\/schema\/logo\/image\/\"},\"sameAs\":[\"https:\/\/www.facebook.com\/guialgbtsclassificados\",\"https:\/\/x.com\/GuiaLGBTS\",\"https:\/\/www.instagram.com\/guiadananypeople\/\",\"https:\/\/www.youtube.com\/user\/GuiaLGBTS\"]}]}<\/script>\n<!-- \/ Yoast SEO plugin. -->","yoast_head_json":{"title":"Quem Somos - Guia GLBTS","robots":{"index":"index","follow":"follow","max-snippet":"max-snippet:-1","max-image-preview":"max-image-preview:large","max-video-preview":"max-video-preview:-1"},"canonical":"https:\/\/www.guiaglbts.com.br\/blog\/quem-somos\/","og_locale":"pt_BR","og_type":"article","og_title":"Quem Somos - Guia GLBTS","og_description":"A C&amp; M Editora Cria\u00e7\u00e3o e Arte Ltda Me \u00e9 uma editora criada exclusivamente para tornar realidade o primeiro GUIA LGBTS\/GLBTS do Brasil (impresso e on-line). Ela surgiu da necessidade constatada pelas s\u00f3cias Carla Cristina de Camargo e Mirene Iraci da Silva, da exist\u00eancia de um guia que pudesse atender o p\u00fablico LGBT oferecendo produtos [&hellip;]","og_url":"https:\/\/www.guiaglbts.com.br\/blog\/quem-somos\/","og_site_name":"Guia GLBTS","article_publisher":"https:\/\/www.facebook.com\/guialgbtsclassificados","article_modified_time":"2013-05-02T16:21:49+00:00","twitter_card":"summary_large_image","twitter_site":"@GuiaLGBTS","twitter_misc":{"Est. tempo de leitura":"1 minuto"},"schema":{"@context":"https:\/\/schema.org","@graph":[{"@type":"WebPage","@id":"https:\/\/www.guiaglbts.com.br\/blog\/quem-somos\/","url":"https:\/\/www.guiaglbts.com.br\/blog\/quem-somos\/","name":"Quem Somos - Guia GLBTS","isPartOf":{"@id":"https:\/\/www.guiaglbts.com.br\/blog\/#website"},"datePublished":"2012-09-11T00:23:10+00:00","dateModified":"2013-05-02T16:21:49+00:00","breadcrumb":{"@id":"https:\/\/www.guiaglbts.com.br\/blog\/quem-somos\/#breadcrumb"},"inLanguage":"pt-BR","potentialAction":[{"@type":"ReadAction","target":["https:\/\/www.guiaglbts.com.br\/blog\/quem-somos\/"]}]},{"@type":"BreadcrumbList","@id":"https:\/\/www.guiaglbts.com.br\/blog\/quem-somos\/#breadcrumb","itemListElement":[{"@type":"ListItem","position":1,"name":"In\u00edcio","item":"https:\/\/www.guiaglbts.com.br\/blog\/"},{"@type":"ListItem","position":2,"name":"Quem Somos"}]},{"@type":"WebSite","@id":"https:\/\/www.guiaglbts.com.br\/blog\/#website","url":"https:\/\/www.guiaglbts.com.br\/blog\/","name":"Guia GLBTS","description":"Guia da Nany People","publisher":{"@id":"https:\/\/www.guiaglbts.com.br\/blog\/#organization"},"potentialAction":[{"@type":"SearchAction","target":{"@type":"EntryPoint","urlTemplate":"https:\/\/www.guiaglbts.com.br\/blog\/?s={search_term_string}"},"query-input":{"@type":"PropertyValueSpecification","valueRequired":true,"valueName":"search_term_string"}}],"inLanguage":"pt-BR"},{"@type":"Organization","@id":"https:\/\/www.guiaglbts.com.br\/blog\/#organization","name":"Guia GLBTS","url":"https:\/\/www.guiaglbts.com.br\/blog\/","logo":{"@type":"ImageObject","inLanguage":"pt-BR","@id":"https:\/\/www.guiaglbts.com.br\/blog\/#\/schema\/logo\/image\/","url":"https:\/\/www.guiaglbts.com.br\/blog\/wp-content\/uploads\/2025\/08\/logo_guia.png","contentUrl":"https:\/\/www.guiaglbts.com.br\/blog\/wp-content\/uploads\/2025\/08\/logo_guia.png","width":310,"height":78,"caption":"Guia GLBTS"},"image":{"@id":"https:\/\/www.guiaglbts.com.br\/blog\/#\/schema\/logo\/image\/"},"sameAs":["https:\/\/www.facebook.com\/guialgbtsclassificados","https:\/\/x.com\/GuiaLGBTS","https:\/\/www.instagram.com\/guiadananypeople\/","https:\/\/www.youtube.com\/user\/GuiaLGBTS"]}]}},"_links":{"self":[{"href":"https:\/\/www.guiaglbts.com.br\/blog\/wp-json\/wp\/v2\/pages\/6","targetHints":{"allow":["GET"]}}],"collection":[{"href":"https:\/\/www.guiaglbts.com.br\/blog\/wp-json\/wp\/v2\/pages"}],"about":[{"href":"https:\/\/www.guiaglbts.com.br\/blog\/wp-json\/wp\/v2\/types\/page"}],"author":[{"embeddable":true,"href":"https:\/\/www.guiaglbts.com.br\/blog\/wp-json\/wp\/v2\/users\/1"}],"replies":[{"embeddable":true,"href":"https:\/\/www.guiaglbts.com.br\/blog\/wp-json\/wp\/v2\/comments?post=6"}],"version-history":[{"count":4,"href":"https:\/\/www.guiaglbts.com.br\/blog\/wp-json\/wp\/v2\/pages\/6\/revisions"}],"predecessor-version":[{"id":418,"href":"https:\/\/www.guiaglbts.com.br\/blog\/wp-json\/wp\/v2\/pages\/6\/revisions\/418"}],"wp:attachment":[{"href":"https:\/\/www.guiaglbts.com.br\/blog\/wp-json\/wp\/v2\/media?parent=6"}],"curies":[{"name":"wp","href":"https:\/\/api.w.org\/{rel}","templated":true}]}}